{"id":30748,"date":"2025-09-01T12:23:18","date_gmt":"2025-09-01T09:23:18","guid":{"rendered":"https:\/\/lovelyacademy.ee\/?page_id=30748"},"modified":"2025-11-30T16:14:25","modified_gmt":"2025-11-30T14:14:25","slug":"oppetasu-tagastamise-kord","status":"publish","type":"page","link":"https:\/\/lovelyacademy.ee\/et\/politika-vozvrata-lovely-academy-estonia\/","title":{"rendered":"\u00d5ppetasu tagastamise tingimused"},"content":{"rendered":"<div data-elementor-type=\"wp-page\" data-elementor-id=\"30748\" class=\"elementor elementor-30748\">\n\t\t\t\t<div class=\"elementor-element elementor-element-1039630 e-flex e-con-boxed e-con e-parent\" data-id=\"1039630\" data-element_type=\"container\" data-e-type=\"container\" data-no-translation=\"\">\n\t\t\t\t\t<div class=\"e-con-inner\">\n\t\t\t\t<div class=\"elementor-element elementor-element-ac62a28 elementor-widget elementor-widget-text-editor\" data-id=\"ac62a28\" data-element_type=\"widget\" data-e-type=\"widget\" data-widget_type=\"text-editor.default\">\n\t\t\t\t\t\t\t\t\t<h2>1. \u00dclds\u00e4tted<\/h2>\n\nK\u00e4esolev tagastuspoliitika reguleerib raha tagastamise korda kontaktkoolitustel ripsmepikenduste alal, mida korraldab ettev\u00f5te <strong>Lovely Academy O\u00dc<\/strong> (<a href=\"https:\/\/ariregister.rik.ee\/est\/company\/14354368\/Lovely-Academy-O%C3%9C\" target=\"_blank\" rel=\"noopener nofollow\">registrikood 14354368<\/a>) veebilehel <a href=\"https:\/\/lovelyacademy.ee\" target=\"_blank\" rel=\"noopener\">lovelyacademy.ee<\/a>.\n\n<ul>\n<li>Koolitused toimuvad ainult <strong>kontakt\u00f5ppena<\/strong> \u00f5ppeklassis Tallinnas.<\/li>\n<li>Veebilehel registreerimine t\u00e4hendab n\u00f5ustumist k\u00e4esoleva poliitika tingimustega.<\/li>\n<\/ul>\n\n<h2>2. Koolituste tasumine<\/h2>\n\n<ul>\n<li>Tasumine toimub sularahas esimesel \u00f5ppep\u00e4eval v\u00f5i panga\u00fclekandega ettev\u00f5tte arvelduskontole (arveldusandmed esitatakse p\u00e4rast registreerumist).<\/li>\n<li>Veebilehe kaudu kaardimakse tegemine ei ole v\u00f5imalik.<\/li>\n<\/ul>\n\n<h2>3. Raha tagastamine<\/h2>\n\n<ul>\n<li><strong>Koolituse t\u00fchistamine akadeemia poolt:<\/strong> kui koolitus t\u00fchistatakse Lovely Academy O\u00dc algatusel, tagastatakse makstud summa t\u00e4ies mahus.<\/li>\n<li><strong>Kuup\u00e4eva muutmine:<\/strong> kui koolituse kuup\u00e4ev l\u00fckatakse edasi akadeemia algatusel, v\u00f5ib osaleja kas n\u00f5ustuda uute kuup\u00e4evadega v\u00f5i taotleda makse tagastamist.<\/li>\n<li><strong>V\u00e4\u00e4ramatu j\u00f5ud:<\/strong> \u00fcletamatute asjaolude korral (s\u00f5da, looduskatastroofid, pandeemia, riiklikud keelud), mis muudavad koolituse l\u00e4biviimise v\u00f5imatuks, pakub akadeemia v\u00f5imalust l\u00f5petada \u00f5pe muul ajal v\u00f5i tagastab makse l\u00e4biviimata \u00f5ppep\u00e4evade eest.<\/li>\n<li><strong>Koolitaja haigestumine:<\/strong> koolitaja haigestumise korral kohustub akadeemia pakkuma alternatiivset koolituse kuup\u00e4eva v\u00f5i asendustoimetajat. Kui see ei ole v\u00f5imalik, tagastatakse makse t\u00e4ies mahus.<\/li>\n<\/ul>\n\n<h2>4. Tagastamine osaleja algatusel<\/h2>\n\n<ul>\n<li>Kui osaleja loobub osalemisest omal soovil, raha tagasi ei tagastata (tagastamine on v\u00f5imalik ainult punktis 3 nimetatud juhtudel).<\/li>\n<li>Kui osaleja on koolituse eest tasunud ja alustanud \u00f5pinguid, kuid ei l\u00f5petanud neid (ei ilmunud j\u00e4rgnevatel p\u00e4evadel), raha tagasi ei tagastata.<\/li>\n<li>Koolitus tasutakse t\u00e4ies mahus esimesel \u00f5ppep\u00e4eval s\u00f5ltumata sellest, kas osaleja osaleb k\u00f5igil koolitusp\u00e4evadel.<\/li>\n<li>Kokkuleppel v\u00f5ib akadeemia punktis 7 &#171;M\u00f5juvad p\u00f5hjused&#187; nimetatud juhtudel \u00fchel korral v\u00f5imaldada \u00f5pingute l\u00f5petamist teise grupiga.<\/li>\n<li>Korduvad edasil\u00fckkamised ei ole lubatud.<\/li>\n<\/ul>\n\n<h2>5. Teavitamise t\u00e4htajad<\/h2>\n\nKui osaleja p\u00e4rast registreerumist ei saa koolitusest osa v\u00f5tta, peab ta teavitama akadeemiat v\u00e4hemalt 7 kalendrip\u00e4eva enne koolituse algust. See v\u00f5imaldab pakkuda kohta teisele soovijale. \u00d5igeaegse teavitamise puudumisel v\u00f5i ilmumata j\u00e4tmisel ilma hoiatuseta j\u00e4tab akadeemia endale \u00f5iguse keelduda osaleja registreerimisest tulevastele koolitustele.\n\n<h2>6. Osalemise edasil\u00fckkamine<\/h2>\n\nOsaleja v\u00f5ib <strong>\u00fchel korral<\/strong> kokkuleppel akadeemiaga \u00fcle viia teisele voole v\u00f5i l\u00e4himale koolituse kuup\u00e4evale.\n\n<h2>7. M\u00f5juvad p\u00f5hjused<\/h2>\n\n<ul>\n<li>Kui osaleja m\u00f5juval p\u00f5hjusel (haigus, erakorralised asjaolud) ei saa alustatud koolitust l\u00f5petada, v\u00f5ib akadeemia otsusega ja kinnitavate dokumentide olemasolul v\u00f5imaldada tal \u00f5pingud l\u00f5petada teise grupiga.<\/li>\n<li>Otsus tehakse akadeemia poolt individuaalselt.<\/li>\n<\/ul>\n\n<h2>8. Tagastamise kord<\/h2>\n\nTagastamise vormistamiseks peab osaleja saatma kirjaliku taotluse e-posti aadressile \n<a href=\"mailto:contact@lovelyacademy.ee\">contact@lovelyacademy.ee<\/a>. Tagastamine toimub samal viisil, millega makse tehti (sularaha v\u00f5i panga\u00fclekanne), 14 kalendrip\u00e4eva jooksul.\n\n<h2>9. Pangatasud<\/h2>\n\nRaha tagastamine toimub ilma panga v\u00f5i makses\u00fcsteemide v\u00f5imalikke tasusid arvestamata. \nOsaleja kannab ise \u00fclekannetega seotud kulud.\n\n<h2>10. Kaasnevad kulud<\/h2>\n\nAkadeemia ei vastuta osaleja reisi-, majutus- v\u00f5i muude kuludega seotud kulutuste eest, \nv\u00e4lja arvatud tegelikult tasutud koolituse maksumus.\n\n<h2>11. Kohaldatav \u00f5igus<\/h2>\n\nK\u00e4esolev tagastuspoliitika on koostatud eesti keeles ja seda reguleerib Eesti Vabariigi \u00f5igus. \nK\u00f5ik vaidlused lahendatakse Eesti p\u00e4devates kohtutes.\n\n<h2>12. Kontaktid<\/h2>\t\t\t\t\t\t\t\t<\/div>\n\t\t\t\t\t<\/div>\n\t\t\t\t<\/div>\n\t\t<div class=\"elementor-element elementor-element-676e49b e-flex e-con-boxed e-con e-parent\" data-id=\"676e49b\" data-element_type=\"container\" data-e-type=\"container\" data-no-translation=\"\">\n\t\t\t\t\t<div class=\"e-con-inner\">\n\t\t\t\t<div class=\"elementor-element elementor-element-8277e3e elementor-widget elementor-widget-text-editor\" data-id=\"8277e3e\" data-element_type=\"widget\" data-e-type=\"widget\" data-widget_type=\"text-editor.default\">\n\t\t\t\t\t\t\t\t\t<ul>\n \t<li><strong>Lovely Academy O\u00dc<\/strong> (reg. kood: 14354368)<\/li>\n \t<li><strong>EHIS ID:<\/strong> 2133908<\/li>\n \t<li><strong>ADS OID:<\/strong> EE01660462<\/li>\n \t<li><strong>ADR ID:<\/strong> 2076763<\/li>\n \t<li><strong>Aadress:<\/strong> Punane tn 16-1\/503, 13619 Tallinn<\/li>\n \t<li><strong>\u00d5ppekeeled:<\/strong> eesti ja vene<\/li>\n \t<li><strong>Konsultatsioon ja registreerimine:<\/strong>\n<a href=\"tel:+37255578357\">+372 555 78 357<\/a>,\n<a href=\"mailto:olena@lovelyacademy.ee\">olena@lovelyacademy.ee<\/a><\/li>\n \t<li><strong>Andmekaitse kontakt:<\/strong>\n<a href=\"mailto:privacy@lovelyacademy.ee\">privacy@lovelyacademy.ee<\/a><\/li>\n \t<li><strong>Koduleht:<\/strong>\n<a href=\"https:\/\/lovelyacademy.ee\">lovelyacademy.ee<\/a><\/li>\n<\/ul>\n<strong>Viimati uuendatud:<\/strong> 21.09.2025\t\t\t\t\t\t\t\t<\/div>\n\t\t\t\t<div class=\"elementor-element elementor-element-d025bc6 elementor-widget elementor-widget-thim-ekits-site-logo\" data-id=\"d025bc6\" data-element_type=\"widget\" data-e-type=\"widget\" data-widget_type=\"thim-ekits-site-logo.default\">\n\t\t\t\t<div class=\"elementor-widget-container\">\n\t\t\t\t\t\n\t\t<div class=\"thim-ekit-site-logo\">\n\t\t\t\t\t\t\t<a href=\"https:\/\/lovelyacademy.ee\/et\/\" rel=\"home\" aria-label=\"Lovely Academy Estonia\">\n\t\t\t\t\t<img decoding=\"async\" width=\"215\" height=\"65\" src=\"https:\/\/lovelyacademy.ee\/wp-content\/uploads\/2023\/03\/lovely-academy-estonia-horizontal-logo.svg\" class=\"attachment-full size-full wp-image-9381\" alt=\"Lovely Academy Estonia Horizontal Logo\" \/>\t\t\t\t<\/a>\n\t\t\t\t\t<\/div>\n\n\t\t\t\t\t\t<\/div>\n\t\t\t\t<\/div>\n\t\t\t\t\t<\/div>\n\t\t\t\t<\/div>\n\t\t\t\t<\/div>","protected":false},"excerpt":{"rendered":"<p>1. \u041e\u0431\u0449\u0438\u0435 \u043f\u043e\u043b\u043e\u0436\u0435\u043d\u0438\u044f \u041d\u0430\u0441\u0442\u043e\u044f\u0449\u0430\u044f \u041f\u043e\u043b\u0438\u0442\u0438\u043a\u0430 \u0440\u0435\u0433\u0443\u043b\u0438\u0440\u0443\u0435\u0442 \u043f\u043e\u0440\u044f\u0434\u043e\u043a \u0432\u043e\u0437\u0432\u0440\u0430\u0442\u0430 \u043e\u043f\u043b\u0430\u0442\u044b \u0437\u0430 \u043e\u0447\u043d\u044b\u0435 \u043a\u0443\u0440\u0441\u044b \u043d\u0430\u0440\u0430\u0449\u0438\u0432\u0430\u043d\u0438\u044f \u0440\u0435\u0441\u043d\u0438\u0446, \u043f\u0440\u043e\u0432\u043e\u0434\u0438\u043c\u044b\u0435 \u043a\u043e\u043c\u043f\u0430\u043d\u0438\u0435\u0439 Lovely Academy O\u00dc (\u0440\u0435\u0433\u0438\u0441\u0442\u0440\u0430\u0446\u0438\u043e\u043d\u043d\u044b\u0439 \u043a\u043e\u0434 14354368), \u043d\u0430 \u0441\u0430\u0439\u0442\u0435 lovelyacademy.ee. \u041a\u0443\u0440\u0441\u044b \u043f\u0440\u043e\u0445\u043e\u0434\u044f\u0442 \u0442\u043e\u043b\u044c\u043a\u043e \u043e\u0447\u043d\u043e \u0432 \u0443\u0447\u0435\u0431\u043d\u043e\u043c \u043a\u043b\u0430\u0441\u0441\u0435 \u0432 \u0422\u0430\u043b\u043b\u0438\u043d\u0435. \u0420\u0435\u0433\u0438\u0441\u0442\u0440\u0430\u0446\u0438\u044f \u043d\u0430 \u0441\u0430\u0439\u0442\u0435 \u043e\u0437\u043d\u0430\u0447\u0430\u0435\u0442 \u0441\u043e\u0433\u043b\u0430\u0441\u0438\u0435 \u0441 &hellip; <\/p>","protected":false},"author":2,"featured_media":0,"parent":0,"menu_order":0,"comment_status":"closed","ping_status":"closed","template":"","meta":{"inline_featured_image":false,"_joinchat":[],"footnotes":""},"class_list":["post-30748","page","type-page","status-publish","hentry"],"_links":{"self":[{"href":"https:\/\/lovelyacademy.ee\/et\/wp-json\/wp\/v2\/pages\/30748","targetHints":{"allow":["GET"]}}],"collection":[{"href":"https:\/\/lovelyacademy.ee\/et\/wp-json\/wp\/v2\/pages"}],"about":[{"href":"https:\/\/lovelyacademy.ee\/et\/wp-json\/wp\/v2\/types\/page"}],"author":[{"embeddable":true,"href":"https:\/\/lovelyacademy.ee\/et\/wp-json\/wp\/v2\/users\/2"}],"replies":[{"embeddable":true,"href":"https:\/\/lovelyacademy.ee\/et\/wp-json\/wp\/v2\/comments?post=30748"}],"version-history":[{"count":0,"href":"https:\/\/lovelyacademy.ee\/et\/wp-json\/wp\/v2\/pages\/30748\/revisions"}],"wp:attachment":[{"href":"https:\/\/lovelyacademy.ee\/et\/wp-json\/wp\/v2\/media?parent=30748"}],"curies":[{"name":"wp","href":"https:\/\/api.w.org\/{rel}","templated":true}]}}